{"id":581,"date":"2023-09-25T10:22:39","date_gmt":"2023-09-25T10:22:39","guid":{"rendered":"https:\/\/wordpress.templatetrip.com\/WPTM01\/WPTM002_clifton\/?page_id=581"},"modified":"2026-01-13T06:51:13","modified_gmt":"2026-01-13T06:51:13","slug":"haqqimizda","status":"publish","type":"page","link":"https:\/\/nursupply.com\/?page_id=581","title":{"rendered":"Haqq\u0131m\u0131zda"},"content":{"rendered":"\t\t<div data-elementor-type=\"wp-page\" data-elementor-id=\"581\" class=\"elementor elementor-581\">\n\t\t\t\t\t\t<section class=\"elementor-section elementor-top-section elementor-element elementor-element-7a37ccfc elementor-section-content-middle elementor-section-boxed elementor-section-height-default elementor-section-height-default\" data-id=\"7a37ccfc\" data-element_type=\"section\">\n\t\t\t\t\t\t<div class=\"elementor-container elementor-column-gap-default\">\n\t\t\t\t\t<div class=\"elementor-column elementor-col-50 elementor-top-column elementor-element elementor-element-730d5364\" data-id=\"730d5364\" data-element_type=\"column\">\n\t\t\t<div class=\"elementor-widget-wrap elementor-element-populated\">\n\t\t\t\t\t\t<div class=\"elementor-element elementor-element-7efd3e14 hover-img elementor-widget elementor-widget-image\" data-id=\"7efd3e14\" data-element_type=\"widget\" data-widget_type=\"image.default\">\n\t\t\t\t\t\t\t\t\t\t\t\t\t\t\t<img fetchpriority=\"high\" decoding=\"async\" width=\"630\" height=\"420\" src=\"https:\/\/nursupply.com\/wp-content\/uploads\/2023\/10\/about-us-01.jpg\" class=\"attachment-full size-full wp-image-1119\" alt=\"\" \/>\t\t\t\t\t\t\t\t\t\t\t\t\t\t\t<\/div>\n\t\t\t\t\t<\/div>\n\t\t<\/div>\n\t\t\t\t<div class=\"elementor-column elementor-col-50 elementor-top-column elementor-element elementor-element-465ebf97 text-margin\" data-id=\"465ebf97\" data-element_type=\"column\">\n\t\t\t<div class=\"elementor-widget-wrap elementor-element-populated\">\n\t\t\t\t\t\t<div class=\"elementor-element elementor-element-64952b0e elementor-widget elementor-widget-heading\" data-id=\"64952b0e\" data-element_type=\"widget\" data-widget_type=\"heading.default\">\n\t\t\t\t\t<h2 class=\"elementor-heading-title elementor-size-default\">\u015eirk\u0259timiz haqq\u0131nda m\u0259lumat<\/h2>\t\t\t\t<\/div>\n\t\t\t\t<div class=\"elementor-element elementor-element-6610fed7 elementor-widget__width-initial elementor-widget elementor-widget-text-editor\" data-id=\"6610fed7\" data-element_type=\"widget\" data-widget_type=\"text-editor.default\">\n\t\t\t\t\t\t\t\t\t<p>\u201cNUR GENERAL SUPPLIER\u201d MMC olaraq, biz Az\u0259rbaycanda f\u0259aliyy\u0259t g\u00f6st\u0259r\u0259n yerli t\u0259mizlik, yuyucu, kosmetik, xlor \u0259sasl\u0131 a\u011fard\u0131c\u0131, el\u0259c\u0259 d\u0259 avtomobill\u0259r\u0259 qulluq \u00fc\u00e7\u00fcn t\u0259mizl\u0259yici vasit\u0259l\u0259rin, gigiyenik \u0259sasl\u0131 dezinfeksiyaedici m\u0259hlul il\u0259 yana\u015f\u0131 madd\u0259l\u0259rin, hava t\u0259rav\u0259tl\u0259ndirici v\u0259 ya\u011fs\u00f6k\u00fcc\u00fc kimi m\u0259hsullar\u0131n, h\u0259m\u00e7inin daxiliyanma dizel m\u00fch\u0259rrikl\u0259ri habel\u0259 n\u0259qliyyat vasit\u0259l\u0259rinin texniki m\u0259hlullar\u0131 v\u0259 bu qrupa aid dig\u0259r madd\u0259 il\u0259 mayel\u0259rin istehsal\u0131 v\u0259 topdansat\u0131\u015f\u0131 \u00fczr\u0259 ixtisasla\u015fm\u0131\u015f m\u00fc\u0259ssis\u0259yik. \u015eirk\u0259timiz m\u00fcasir texnologiyalara \u0259saslanan istehsalat x\u0259tti il\u0259 ev, ofis v\u0259 s\u0259naye sah\u0259l\u0259ri \u00fc\u00e7\u00fcn keyfiyy\u0259tli, ekoloji bax\u0131mdan t\u0259hl\u00fck\u0259siz t\u0259mizlik m\u0259hsullar\u0131 istehsal edir.<br \/>M\u0259hsullar\u0131m\u0131z beyn\u0259lxalq gigiyena v\u0259 keyfiyy\u0259t standartlar\u0131na uy\u011fun olaraq haz\u0131rlan\u0131r, h\u0259m yerli bazar\u0131n t\u0259l\u0259bat\u0131, h\u0259m d\u0259 ixrac \u00fc\u00e7\u00fcn n\u0259z\u0259rd\u0259 tutulur. \u0130stehsalat prosesind\u0259 istifad\u0259 etdiyimiz xammallar sertifikatl\u0131 v\u0259 insan sa\u011flaml\u0131\u011f\u0131na z\u0259r\u0259rsiz madd\u0259l\u0259rd\u0259n ibar\u0259tdir.<br \/>M\u0259qs\u0259dimiz, \u201cT\u0259miz m\u00fchit, sa\u011flam g\u0259l\u0259c\u0259k\u201d prinsipin\u0259 sadiq qalaraq m\u00fc\u015ft\u0259ril\u0259rimiz\u0259 etibarl\u0131, s\u0259m\u0259r\u0259li v\u0259 \u0259l\u00e7atan t\u0259mizlik h\u0259ll\u0259ri t\u0259qdim etm\u0259kdir.<br \/>Y\u00fcks\u0259k pe\u015f\u0259karl\u0131q, davaml\u0131 inki\u015faf v\u0259 m\u00fc\u015ft\u0259ri m\u0259mnuniyy\u0259ti bizim korporativ d\u0259y\u0259rl\u0259rimizin \u0259sas\u0131n\u0131\u00a0t\u0259\u015fkil\u00a0edir.<\/p>\t\t\t\t\t\t\t\t<\/div>\n\t\t\t\t\t<\/div>\n\t\t<\/div>\n\t\t\t\t\t<\/div>\n\t\t<\/section>\n\t\t\t\t<section class=\"elementor-section elementor-top-section elementor-element elementor-element-2520d092 elementor-section-content-middle elementor-section-boxed elementor-section-height-default elementor-section-height-default\" data-id=\"2520d092\" data-element_type=\"section\">\n\t\t\t\t\t\t<div class=\"elementor-container elementor-column-gap-default\">\n\t\t\t\t\t<div class=\"elementor-column elementor-col-50 elementor-top-column elementor-element elementor-element-50137ffa text-margin order-lg-1 order-2\" data-id=\"50137ffa\" data-element_type=\"column\">\n\t\t\t<div class=\"elementor-widget-wrap elementor-element-populated\">\n\t\t\t\t\t\t<div class=\"elementor-element elementor-element-33869570 elementor-widget elementor-widget-heading\" data-id=\"33869570\" data-element_type=\"widget\" data-widget_type=\"heading.default\">\n\t\t\t\t\t<h2 class=\"elementor-heading-title elementor-size-default\">Testing and Cross-Browser Compatibility<\/h2>\t\t\t\t<\/div>\n\t\t\t\t<div class=\"elementor-element elementor-element-68e3216b custom-accordian inner-page elementor-widget elementor-widget-Accordion\" data-id=\"68e3216b\" data-element_type=\"widget\" data-widget_type=\"Accordion.default\">\n\t\t\t\t<div class=\"elementor-widget-container\">\n\t\t\t\t\t<div class=\"clifton-accordion clifton-accordion accordion-style-1 align-icon-right\"><div class=\"clifton-accordion-item active\"><div class=\"clifton-accordion-header\"><h5 class=\"accordion-tilte\"><span class=\"accordion-number\"><\/span>Performance Optimization<\/h5><\/div><div class=\"clifton-accordion-content\" style=\"display: none;\"><p>Keep an eye on page load times, especially if your website contains large images or complex graphics within the big titles.<\/p><\/div><\/div><div class=\"clifton-accordion-item \"><div class=\"clifton-accordion-header\"><h5 class=\"accordion-tilte\"><span class=\"accordion-number\"><\/span>Consistent Branding<\/h5><\/div><div class=\"clifton-accordion-content\" style=\"display: none;\"><p>Ensure that your website&#8217;s branding, including colors, logos, and typography, is consistent across all pages. This creates a cohesive and professional look.<\/p><\/div><\/div><div class=\"clifton-accordion-item \"><div class=\"clifton-accordion-header\"><h5 class=\"accordion-tilte\"><span class=\"accordion-number\"><\/span>Typography and Readability<\/h5><\/div><div class=\"clifton-accordion-content\" style=\"display: none;\"><p>Choose legible fonts and pay attention to factors like line spacing, letter spacing, and contrast to enhance readability.<\/p><\/div><\/div><\/div>\t\t\t\t<\/div>\n\t\t\t\t<\/div>\n\t\t\t\t\t<\/div>\n\t\t<\/div>\n\t\t\t\t<div class=\"elementor-column elementor-col-50 elementor-top-column elementor-element elementor-element-2acd0261 order-lg-2 order-1\" data-id=\"2acd0261\" data-element_type=\"column\">\n\t\t\t<div class=\"elementor-widget-wrap elementor-element-populated\">\n\t\t\t\t\t\t<div class=\"elementor-element elementor-element-462538e6 hover-img elementor-widget elementor-widget-image\" data-id=\"462538e6\" data-element_type=\"widget\" data-widget_type=\"image.default\">\n\t\t\t\t\t\t\t\t\t\t\t\t\t\t\t<img decoding=\"async\" width=\"630\" height=\"630\" src=\"https:\/\/nursupply.com\/wp-content\/uploads\/2023\/10\/about-us-02.jpg\" class=\"attachment-full size-full wp-image-1120\" alt=\"\" \/>\t\t\t\t\t\t\t\t\t\t\t\t\t\t\t<\/div>\n\t\t\t\t\t<\/div>\n\t\t<\/div>\n\t\t\t\t\t<\/div>\n\t\t<\/section>\n\t\t\t\t<section class=\"elementor-section elementor-top-section elementor-element elementor-element-4aac4c71 title-link elementor-section-boxed elementor-section-height-default elementor-section-height-default\" data-id=\"4aac4c71\" data-element_type=\"section\">\n\t\t\t\t\t\t<div class=\"elementor-container elementor-column-gap-default\">\n\t\t\t\t\t<div class=\"elementor-column elementor-col-33 elementor-top-column elementor-element elementor-element-152054d3 text-margin\" data-id=\"152054d3\" data-element_type=\"column\">\n\t\t\t<div class=\"elementor-widget-wrap elementor-element-populated\">\n\t\t\t\t\t\t<div class=\"elementor-element elementor-element-516fecab elementor-widget elementor-widget-text-editor\" data-id=\"516fecab\" data-element_type=\"widget\" data-widget_type=\"text-editor.default\">\n\t\t\t\t\t\t\t\t\t<p>Info<\/p>\t\t\t\t\t\t\t\t<\/div>\n\t\t\t\t<div class=\"elementor-element elementor-element-3073f587 elementor-widget elementor-widget-heading\" data-id=\"3073f587\" data-element_type=\"widget\" data-widget_type=\"heading.default\">\n\t\t\t\t\t<h2 class=\"elementor-heading-title elementor-size-default\"><a href=\"https:\/\/wordpress.templatetrip.com\/WPTM01\/WPTM002_clifton\/about-us\/\">About<\/a><\/h2>\t\t\t\t<\/div>\n\t\t\t\t\t<\/div>\n\t\t<\/div>\n\t\t\t\t<div class=\"elementor-column elementor-col-33 elementor-top-column elementor-element elementor-element-496a49c text-margin\" data-id=\"496a49c\" data-element_type=\"column\">\n\t\t\t<div class=\"elementor-widget-wrap elementor-element-populated\">\n\t\t\t\t\t\t<div class=\"elementor-element elementor-element-2b9bf8b1 elementor-widget elementor-widget-text-editor\" data-id=\"2b9bf8b1\" data-element_type=\"widget\" data-widget_type=\"text-editor.default\">\n\t\t\t\t\t\t\t\t\t<p>Our Works<\/p>\t\t\t\t\t\t\t\t<\/div>\n\t\t\t\t<div class=\"elementor-element elementor-element-550a1782 elementor-widget elementor-widget-heading\" data-id=\"550a1782\" data-element_type=\"widget\" data-widget_type=\"heading.default\">\n\t\t\t\t\t<h2 class=\"elementor-heading-title elementor-size-default\"><a href=\"https:\/\/wordpress.templatetrip.com\/WPTM01\/WPTM002_clifton\/tt-portfolio\/\">Portfolio<\/a><\/h2>\t\t\t\t<\/div>\n\t\t\t\t\t<\/div>\n\t\t<\/div>\n\t\t\t\t<div class=\"elementor-column elementor-col-33 elementor-top-column elementor-element elementor-element-49fc2025 text-margin\" data-id=\"49fc2025\" data-element_type=\"column\">\n\t\t\t<div class=\"elementor-widget-wrap elementor-element-populated\">\n\t\t\t\t\t\t<div class=\"elementor-element elementor-element-4e00d74b elementor-widget elementor-widget-text-editor\" data-id=\"4e00d74b\" data-element_type=\"widget\" data-widget_type=\"text-editor.default\">\n\t\t\t\t\t\t\t\t\t<p>Contact<\/p>\t\t\t\t\t\t\t\t<\/div>\n\t\t\t\t<div class=\"elementor-element elementor-element-7179c57 elementor-widget elementor-widget-heading\" data-id=\"7179c57\" data-element_type=\"widget\" data-widget_type=\"heading.default\">\n\t\t\t\t\t<h2 class=\"elementor-heading-title elementor-size-default\"><a href=\"https:\/\/wordpress.templatetrip.com\/WPTM01\/WPTM002_clifton\/contact-us\/\">Write Us<\/a><\/h2>\t\t\t\t<\/div>\n\t\t\t\t\t<\/div>\n\t\t<\/div>\n\t\t\t\t\t<\/div>\n\t\t<\/section>\n\t\t\t\t<section class=\"elementor-section elementor-top-section elementor-element elementor-element-ea7704b elementor-section-boxed elementor-section-height-default elementor-section-height-default elementor-invisible\" data-id=\"ea7704b\" data-element_type=\"section\" data-settings=\"{&quot;animation&quot;:&quot;zoomIn&quot;}\">\n\t\t\t\t\t\t<div class=\"elementor-container elementor-column-gap-default\">\n\t\t\t\t\t<div class=\"elementor-column elementor-col-50 elementor-top-column elementor-element elementor-element-6527d089 text-margin\" data-id=\"6527d089\" data-element_type=\"column\">\n\t\t\t<div class=\"elementor-widget-wrap elementor-element-populated\">\n\t\t\t\t\t\t<div class=\"elementor-element elementor-element-3a65d0fd elementor-widget elementor-widget-heading\" data-id=\"3a65d0fd\" data-element_type=\"widget\" data-widget_type=\"heading.default\">\n\t\t\t\t\t<h2 class=\"elementor-heading-title elementor-size-default\">Reducing Waste<\/h2>\t\t\t\t<\/div>\n\t\t\t\t<div class=\"elementor-element elementor-element-99614dd elementor-widget elementor-widget-text-editor\" data-id=\"99614dd\" data-element_type=\"widget\" data-widget_type=\"text-editor.default\">\n\t\t\t\t\t\t\t\t\t<p>See how we minimize waste by using reusable cleaning materials and eco-friendly disposable products. Our efforts contribute to a cleaner planet and a smaller ecological footprint. Learn about our energy-efficient cleaning procedures that help conserve resources. We use efficient equipment and techniques to reduce energy consumption during our cleaning processes.<\/p>\t\t\t\t\t\t\t\t<\/div>\n\t\t\t\t<div class=\"elementor-element elementor-element-ae8b4ea elementor-widget__width-auto elementor-absolute elementor-hidden-tablet elementor-hidden-mobile_extra elementor-hidden-mobile hover-img elementor-widget elementor-widget-image\" data-id=\"ae8b4ea\" data-element_type=\"widget\" data-settings=\"{&quot;_position&quot;:&quot;absolute&quot;}\" data-widget_type=\"image.default\">\n\t\t\t\t\t\t\t\t\t\t\t\t\t\t\t<img decoding=\"async\" width=\"640\" height=\"368\" src=\"https:\/\/nursupply.com\/wp-content\/uploads\/2023\/10\/about-us-03.jpg\" class=\"attachment-large size-large wp-image-1267\" alt=\"\" \/>\t\t\t\t\t\t\t\t\t\t\t\t\t\t\t<\/div>\n\t\t\t\t\t<\/div>\n\t\t<\/div>\n\t\t\t\t<div class=\"elementor-column elementor-col-50 elementor-top-column elementor-element elementor-element-8d26600 text-margin\" data-id=\"8d26600\" data-element_type=\"column\">\n\t\t\t<div class=\"elementor-widget-wrap elementor-element-populated\">\n\t\t\t\t\t\t<div class=\"elementor-element elementor-element-2e9bb41f hover-img elementor-widget elementor-widget-image\" data-id=\"2e9bb41f\" data-element_type=\"widget\" data-widget_type=\"image.default\">\n\t\t\t\t\t\t\t\t\t\t\t\t\t\t\t<img loading=\"lazy\" decoding=\"async\" width=\"620\" height=\"620\" src=\"https:\/\/nursupply.com\/wp-content\/uploads\/2023\/10\/about-us-04.jpg\" class=\"attachment-large size-large wp-image-1268\" alt=\"\" \/>\t\t\t\t\t\t\t\t\t\t\t\t\t\t\t<\/div>\n\t\t\t\t\t<\/div>\n\t\t<\/div>\n\t\t\t\t\t<\/div>\n\t\t<\/section>\n\t\t<div class=\"elementor-element elementor-element-87d1a91 e-flex e-con-boxed e-con e-parent\" data-id=\"87d1a91\" data-element_type=\"container\">\n\t\t\t\t\t<div class=\"e-con-inner\">\n\t\t\t\t<div class=\"elementor-element elementor-element-9294dba elementor-widget__width-initial elementor-widget elementor-widget-Section Title\" data-id=\"9294dba\" data-element_type=\"widget\" data-widget_type=\"Section Title.default\">\n\t\t\t\t<div class=\"elementor-widget-container\">\n\t\t\t\t\t\t\t<div class=\"tt-section-title text-center\">\r\n\t\t    \t\t\t\t\t\t<div class=\"sub-title\"><span class=\"tt-section-sab\"> Team Members<\/span><\/div>\r\n\t\t\t\t\t\t\t\t\t\t\t\t\t\t\t\t<h2 class=\"section-heading\">Meet Our Team of Expert\nCleaning Staff<\/h2>\r\n\t\t\t\t\t\t\t\t\t\t\t<\/div>  \r\n\t\t\t\t\t\t<\/div>\n\t\t\t\t<\/div>\n\t\t\t\t<div class=\"elementor-element elementor-element-9f5c855 elementor-widget elementor-widget-Team\" data-id=\"9f5c855\" data-element_type=\"widget\" data-widget_type=\"Team.default\">\n\t\t\t\t<div class=\"elementor-widget-container\">\n\t\t\t\t\t\n        <div class=\"tt-team-wrap style-1\">\n\n\t<div class=\"tt-team swiper tt-swiper-slider \" data-id=\"tt-team\">\n\t\t<div class=\"swiper-wrapper team-2\" data-desk=\"4\" data-laptop=\"3\" data-tablet=\"2\" data-mobile=\"2\" data-autoplay=\"false\" data-loop=\"false\" data-margin=\"30\" data-speed=\"1500\">\n\t\t\t\t\t<\/div>\n\t<\/div>\n\t\t<div class=\"swiper-pagination\"><\/div><\/div>\n\t\t\t\t<\/div>\n\t\t\t\t<\/div>\n\t\t\t\t\t<\/div>\n\t\t\t\t<\/div>\n\t\t\t\t<\/div>\n\t\t","protected":false},"excerpt":{"rendered":"<p>\u015eirk\u0259timiz haqq\u0131nda m\u0259lumat \u201cNUR GENERAL SUPPLIER\u201d MMC olaraq, biz Az\u0259rbaycanda f\u0259aliyy\u0259t g\u00f6st\u0259r\u0259n yerli t\u0259mizlik, yuyucu, kosmetik, xlor \u0259sasl\u0131 a\u011fard\u0131c\u0131, el\u0259c\u0259 [&hellip;]<\/p>\n","protected":false},"author":1,"featured_media":0,"parent":0,"menu_order":0,"comment_status":"closed","ping_status":"closed","template":"","meta":{"footnotes":""},"class_list":["post-581","page","type-page","status-publish","hentry"],"_links":{"self":[{"href":"https:\/\/nursupply.com\/index.php?rest_route=\/wp\/v2\/pages\/581","targetHints":{"allow":["GET"]}}],"collection":[{"href":"https:\/\/nursupply.com\/index.php?rest_route=\/wp\/v2\/pages"}],"about":[{"href":"https:\/\/nursupply.com\/index.php?rest_route=\/wp\/v2\/types\/page"}],"author":[{"embeddable":true,"href":"https:\/\/nursupply.com\/index.php?rest_route=\/wp\/v2\/users\/1"}],"replies":[{"embeddable":true,"href":"https:\/\/nursupply.com\/index.php?rest_route=%2Fwp%2Fv2%2Fcomments&post=581"}],"version-history":[{"count":5,"href":"https:\/\/nursupply.com\/index.php?rest_route=\/wp\/v2\/pages\/581\/revisions"}],"predecessor-version":[{"id":2583,"href":"https:\/\/nursupply.com\/index.php?rest_route=\/wp\/v2\/pages\/581\/revisions\/2583"}],"wp:attachment":[{"href":"https:\/\/nursupply.com\/index.php?rest_route=%2Fwp%2Fv2%2Fmedia&parent=581"}],"curies":[{"name":"wp","href":"https:\/\/api.w.org\/{rel}","templated":true}]}}