{"id":107,"date":"2023-09-25T03:45:39","date_gmt":"2023-09-25T03:45:39","guid":{"rendered":"https:\/\/wordpress.templatetrip.com\/WPTM01\/WPTM002_clifton\/?page_id=107"},"modified":"2026-02-02T11:23:46","modified_gmt":"2026-02-02T11:23:46","slug":"ana-sehife","status":"publish","type":"page","link":"https:\/\/nursupply.com\/","title":{"rendered":"Ana S\u0259hif\u0259"},"content":{"rendered":"\t\t<div data-elementor-type=\"wp-page\" data-elementor-id=\"107\" class=\"elementor elementor-107\">\n\t\t\t\t<div class=\"elementor-element elementor-element-0105728 e-flex e-con-boxed e-con e-parent\" data-id=\"0105728\" data-element_type=\"container\">\n\t\t\t\t\t<div class=\"e-con-inner\">\n\t\t\t\t<div class=\"elementor-element elementor-element-e8c34bc elementor-widget elementor-widget-slider_revolution\" data-id=\"e8c34bc\" data-element_type=\"widget\" data-widget_type=\"slider_revolution.default\">\n\t\t\t\t\t\n\t\t<div class=\"wp-block-themepunch-revslider\">\n\t\t\t\t<p class=\"rs-p-wp-fix\"><\/p>\n\t\t\t\t<sr7-module data-alias=\"slider-01\" data-id=\"1\" id=\"SR7_1_1\" class=\"rs-ov-hidden\" data-version=\"6.7.38\">\n\t\t\t\t\t<sr7-adjuster><\/sr7-adjuster>\n\t\t\t\t\t<sr7-content>\n\t\t\t\t\t\t<sr7-slide id=\"SR7_1_1-1\" data-key=\"1\">\n\t\t\t\t\t\t\t<sr7-txt id=\"SR7_1_1-1-3\" class=\"sr7-layer\">NUR GENERAL SUPPLY olaraq s\u0259ni salamlay\u0131r\u0131q.<\/sr7-txt>\n\t\t\t\t\t\t<\/sr7-slide>\n\t\t\t\t\t\t<sr7-slide id=\"SR7_1_1-2\" data-key=\"2\">\n\t\t\t\t\t\t\t<sr7-txt id=\"SR7_1_1-2-7\" class=\"sr7-layer\">S\u0259nin \u00fc\u00e7\u00fcn buraday\u0131q<br \/>\nKeyfiyy\u0259tli \u2022 Gigyenik \u2022 A\u015fa\u011f\u0131 qiym\u0259t<\/sr7-txt>\n\t\t\t\t\t\t<\/sr7-slide>\n\t\t\t\t\t\t<sr7-slide id=\"SR7_1_1-3\" data-key=\"3\">\n\t\t\t\t\t\t<\/sr7-slide>\n\t\t\t\t\t<\/sr7-content>\n\t\t\t\t\t<image_lists style=\"display:none\">\n\t\t\t\t\t\t<img data-src=\"\/\/nursupply.com\/wp-content\/uploads\/2023\/09\/slider-01.png\" data-libid=\"703\" data-lib=\"medialibrary\" title=\"slider-01\" width=\"0\" height=\"0\" data-dbsrc=\"Ly9udXJzdXBwbHkuY29tL3dwLWNvbnRlbnQvdXBsb2Fkcy8yMDIzLzA5L3NsaWRlci0wMS5wbmc=\"\/>\n\t\t\t\t\t\t<img data-src=\"\/\/nursupply.com\/wp-content\/uploads\/2023\/09\/slider-02.png\" data-libid=\"794\" data-lib=\"medialibrary\" title=\"slider-02\" width=\"0\" height=\"0\" data-dbsrc=\"Ly9udXJzdXBwbHkuY29tL3dwLWNvbnRlbnQvdXBsb2Fkcy8yMDIzLzA5L3NsaWRlci0wMi5wbmc=\"\/>\n\t\t\t\t\t<\/image_lists>\n\t\t\t\t<\/sr7-module>\n\t\t\t\t<script>\n\t\t\t\t\tSR7.PMH ??={}; SR7.PMH[\"SR7_1_1\"] = {cn:100,state:false,fn: function() { if (_tpt!==undefined && _tpt.prepareModuleHeight !== undefined) {  _tpt.prepareModuleHeight({id:\"SR7_1_1\",el:[850,850,850,850,1200],type:'standard',shdw:'0',gh:[850,850,850,850,1200],gw:[1920,1920,1920,1920,1920],vpt:['-100px&#039;,&#039;-100px&#039;,&#039;-100px&#039;,&#039;-100px&#039;,&#039;-100px'],size:{fullWidth:true, fullHeight:false},mh:'0',onh:0,onw:0,bg:{color:'{\"orig\":\"transparent\",\"type\":\"solid\",\"string\":\"transparent\"}'}});   SR7.PMH[\"SR7_1_1\"].state=true;} else if(SR7.PMH[\"SR7_1_1\"].cn-->0)\tsetTimeout( SR7.PMH[\"SR7_1_1\"].fn,19);}};SR7.PMH[\"SR7_1_1\" ].fn();\n\t\t\t\t<\/script>\n<\/div>\n\n\t\t\t\t\t\t<\/div>\n\t\t\t\t\t<\/div>\n\t\t\t\t<\/div>\n\t\t<div class=\"elementor-element elementor-element-118a45a3 e-flex e-con-boxed e-con e-parent\" data-id=\"118a45a3\" data-element_type=\"container\">\n\t\t\t\t\t<div class=\"e-con-inner\">\n\t\t<div class=\"elementor-element elementor-element-4255ea3a e-con-full  dark-heading cms-01 e-flex e-con e-child\" data-id=\"4255ea3a\" data-element_type=\"container\">\n\t\t\t\t<div class=\"elementor-element elementor-element-935341b cms-counter elementor-widget-mobile__width-auto elementor-widget elementor-widget-Counter\" data-id=\"935341b\" data-element_type=\"widget\" data-widget_type=\"Counter.default\">\n\t\t\t\t<div class=\"elementor-widget-container\">\n\t\t\t\t\t\t\t\t\t<div class=\"counter counter-default counter-md text-center\">\r\n\t\t\t<div class=\"counter-containt\">\r\n\t\t\t\t<div class=\"counter\">\r\n\t\t\t\t\t<div class=\"section-number counter-title\" data-to=\"15\">\r\n\t\t\t\t\t\t15\t\t\t\t\t<\/div>\r\n\t\t\t\t\t<i aria-hidden=\"true\" class=\"\"><\/i>\t\t\t\t<\/div>\r\n\t\t\t\t\t\t\t\t<h5 class=\"counter-title\">\u0130llik T\u0259cr\u00fcb\u0259<\/h5>\r\n\t\t\t<\/div>\r\n\t\t<\/div>\r\n\t\t\t\t\t\t<\/div>\n\t\t\t\t<\/div>\n\t\t\t\t<div class=\"elementor-element elementor-element-23a738fa elementor-absolute up-down  elementor-widget elementor-widget-image\" data-id=\"23a738fa\" data-element_type=\"widget\" data-settings=\"{&quot;_position&quot;:&quot;absolute&quot;}\" data-widget_type=\"image.default\">\n\t\t\t\t\t\t\t\t\t\t\t\t\t\t\t<img decoding=\"async\" width=\"200\" height=\"215\" src=\"https:\/\/nursupply.com\/wp-content\/uploads\/2024\/09\/cms-01.jpg\" class=\"attachment-large size-large wp-image-1594\" alt=\"\" \/>\t\t\t\t\t\t\t\t\t\t\t\t\t\t\t<\/div>\n\t\t\t\t<div class=\"elementor-element elementor-element-19117d87 elementor-absolute elementor-widget-tablet_extra__width-initial elementor-widget-tablet__width-initial elementor-hidden-mobile elementor-widget elementor-widget-image\" data-id=\"19117d87\" data-element_type=\"widget\" data-settings=\"{&quot;_position&quot;:&quot;absolute&quot;}\" data-widget_type=\"image.default\">\n\t\t\t\t\t\t\t\t\t\t\t\t\t\t\t<img loading=\"lazy\" decoding=\"async\" width=\"145\" height=\"140\" src=\"https:\/\/nursupply.com\/wp-content\/uploads\/2024\/09\/cms-shape.png\" class=\"attachment-large size-large wp-image-1595\" alt=\"\" \/>\t\t\t\t\t\t\t\t\t\t\t\t\t\t\t<\/div>\n\t\t\t\t<div class=\"elementor-element elementor-element-d0335e0 hover-img elementor-widget-mobile__width-initial elementor-widget elementor-widget-image\" data-id=\"d0335e0\" data-element_type=\"widget\" data-widget_type=\"image.default\">\n\t\t\t\t\t\t\t\t\t\t\t\t\t\t\t<img loading=\"lazy\" decoding=\"async\" width=\"470\" height=\"545\" src=\"https:\/\/nursupply.com\/wp-content\/uploads\/2024\/09\/cms-02.jpg\" class=\"attachment-full size-full wp-image-1596\" alt=\"\" \/>\t\t\t\t\t\t\t\t\t\t\t\t\t\t\t<\/div>\n\t\t\t\t<div class=\"elementor-element elementor-element-44a00fd8 elementor-absolute call-content elementor-widget elementor-widget-heading\" data-id=\"44a00fd8\" data-element_type=\"widget\" data-settings=\"{&quot;_position&quot;:&quot;absolute&quot;}\" data-widget_type=\"heading.default\">\n\t\t\t\t\t<div class=\"elementor-heading-title elementor-size-default\">\n    \n    \n    \n  \n  <span>(+994)<br>51 563 1832<\/span><\/div>\t\t\t\t<\/div>\n\t\t\t\t<\/div>\n\t\t<div class=\"elementor-element elementor-element-3979549 e-con-full e-flex e-con e-child\" data-id=\"3979549\" data-element_type=\"container\">\n\t\t\t\t<div class=\"elementor-element elementor-element-43ad98d0 elementor-widget elementor-widget-Section Title\" data-id=\"43ad98d0\" data-element_type=\"widget\" data-widget_type=\"Section Title.default\">\n\t\t\t\t<div class=\"elementor-widget-container\">\n\t\t\t\t\t\t\t<div class=\"tt-section-title \">\r\n\t\t    \t\t\t\t\t\t<div class=\"sub-title\"><span class=\"tt-section-sab\">T\u0259mizlik \u015firk\u0259ti haqq\u0131nda<\/span><\/div>\r\n\t\t\t\t\t\t\t\t\t\t\t\t\t\t\t\t<h2 class=\"section-heading\">Biz \u0259n yax\u015f\u0131 keyfiyy\u0259td\u0259 t\u0259mizlik m\u0259hsullar\u0131 istehsal ed\u0259n \u015firk\u0259tik.<\/h2>\r\n\t\t\t\t\t\t\t\t\t\t\t\t<div class=\"subtitle-wrap\"><p class=\"title_description\">Biz Az\u0259rbaycan \u00fczr\u0259 fabrik, laboratoriya, t\u0259hsil v\u0259 kommersiya obyektl\u0259ri daxil olmaqla m\u00fcxt\u0259lif sah\u0259l\u0259r \u00fc\u00e7\u00fcn m\u00fcqavil\u0259li t\u0259mizlik xidm\u0259tl\u0259ri, h\u0259m\u00e7inin ev t\u0259mizliyi \u00fczr\u0259 m\u00fcxt\u0259lif xidm\u0259t se\u00e7iml\u0259ri t\u0259qdim edirik v\u0259 n\u00fcmun\u0259vi xidm\u0259t g\u00f6st\u0259rm\u0259y\u0259 davam edirik.<\/P><\/div>\r\n\t\t\t\t\t\t\t\t<\/div>  \r\n\t\t\t\t\t\t<\/div>\n\t\t\t\t<\/div>\n\t\t<div class=\"elementor-element elementor-element-5fc78c64 service-cms-box e-flex e-con-boxed e-con e-child\" data-id=\"5fc78c64\" data-element_type=\"container\">\n\t\t\t\t\t<div class=\"e-con-inner\">\n\t\t\t\t<div class=\"elementor-element elementor-element-68daa1c0 bg-round elementor-widget-mobile__width-initial elementor-widget elementor-widget-image\" data-id=\"68daa1c0\" data-element_type=\"widget\" data-widget_type=\"image.default\">\n\t\t\t\t\t\t\t\t\t\t\t\t\t\t\t<img loading=\"lazy\" decoding=\"async\" width=\"65\" height=\"60\" src=\"https:\/\/nursupply.com\/wp-content\/uploads\/2024\/09\/cms-01.png\" class=\"attachment-large size-large wp-image-1597\" alt=\"\" \/>\t\t\t\t\t\t\t\t\t\t\t\t\t\t\t<\/div>\n\t\t\t\t<div class=\"elementor-element elementor-element-d3e3a54 elementor-widget__width-initial elementor-widget elementor-widget-Section Title\" data-id=\"d3e3a54\" data-element_type=\"widget\" data-widget_type=\"Section Title.default\">\n\t\t\t\t<div class=\"elementor-widget-container\">\n\t\t\t\t\t\t\t<div class=\"tt-section-title text-start\">\r\n\t\t    \t\t\t\t\t\t\t\t\t\t\t\t\t\t\t\t<h2 class=\"section-heading\">M\u00fc\u015ft\u0259riy\u00f6n\u00fcml\u00fc r\u0259yl\u0259r<\/h2>\r\n\t\t\t\t\t\t\t\t\t\t\t\t<div class=\"subtitle-wrap\"><p class=\"title_description\">H\u0259r bir obyektimizin idar\u0259 olunmas\u0131n\u0131 t\u0259min etm\u0259k \u00fc\u00e7\u00fcn a\u015fa\u011f\u0131dak\u0131 m\u0259s\u0259l\u0259l\u0259r \u00fczr\u0259 raz\u0131la\u015fd\u0131r\u0131lm\u0131\u015f tarixl\u0259r\u0259 \u0259m\u0259l edir v\u0259 onlar\u0131 izl\u0259yirik.<\/P><\/div>\r\n\t\t\t\t\t\t\t\t<\/div>  \r\n\t\t\t\t\t\t<\/div>\n\t\t\t\t<\/div>\n\t\t\t\t\t<\/div>\n\t\t\t\t<\/div>\n\t\t<div class=\"elementor-element elementor-element-2a3f6a9d service-cms-box e-flex e-con-boxed e-con e-child\" data-id=\"2a3f6a9d\" data-element_type=\"container\">\n\t\t\t\t\t<div class=\"e-con-inner\">\n\t\t\t\t<div class=\"elementor-element elementor-element-6d98de57 bg-round elementor-widget-mobile__width-initial elementor-widget elementor-widget-image\" data-id=\"6d98de57\" data-element_type=\"widget\" data-widget_type=\"image.default\">\n\t\t\t\t\t\t\t\t\t\t\t\t\t\t\t<img loading=\"lazy\" decoding=\"async\" width=\"65\" height=\"60\" src=\"https:\/\/nursupply.com\/wp-content\/uploads\/2024\/09\/cms-02.png\" class=\"attachment-large size-large wp-image-1598\" alt=\"\" \/>\t\t\t\t\t\t\t\t\t\t\t\t\t\t\t<\/div>\n\t\t\t\t<div class=\"elementor-element elementor-element-5ead3839 elementor-widget__width-initial elementor-widget elementor-widget-Section Title\" data-id=\"5ead3839\" data-element_type=\"widget\" data-widget_type=\"Section Title.default\">\n\t\t\t\t<div class=\"elementor-widget-container\">\n\t\t\t\t\t\t\t<div class=\"tt-section-title text-start\">\r\n\t\t    \t\t\t\t\t\t\t\t\t\t\t\t\t\t\t\t<h2 class=\"section-heading\">M\u00fcnt\u0259z\u0259m v\u0259 ayl\u0131q t\u0259mizlik<\/h2>\r\n\t\t\t\t\t\t\t\t\t\t\t\t<div class=\"subtitle-wrap\"><p class=\"title_description\">Biz qabaqc\u0131l texnologiyalardan istifad\u0259 etm\u0259y\u0259, innovativ ideyalar inki\u015faf etdirm\u0259y\u0259 davam edir v\u0259 ist\u0259nil\u0259n problem\u0259 2 saat \u0259rzind\u0259 operativ \u015f\u0259kild\u0259 reaksiya veririk.<\/P><\/div>\r\n\t\t\t\t\t\t\t\t<\/div>  \r\n\t\t\t\t\t\t<\/div>\n\t\t\t\t<\/div>\n\t\t\t\t\t<\/div>\n\t\t\t\t<\/div>\n\t\t\t\t<div class=\"elementor-element elementor-element-282348a7 custom-button elementor-widget elementor-widget-button\" data-id=\"282348a7\" data-element_type=\"widget\" data-widget_type=\"button.default\">\n\t\t\t\t\t\t\t\t\t\t<a class=\"elementor-button elementor-button-link elementor-size-sm\" href=\"https:\/\/wordpress.templatetrip.com\/WPTM01\/WPTM002_clifton\/about-us\/\">\n\t\t\t\t\t\t<span class=\"elementor-button-content-wrapper\">\n\t\t\t\t\t\t<span class=\"elementor-button-icon\">\n\t\t\t\t\t\t\t<\/span>\n\t\t\t\t\t\t\t\t\t<span class=\"elementor-button-text\">Daha \u0259trafl\u0131 bax\u0131n<\/span>\n\t\t\t\t\t<\/span>\n\t\t\t\t\t<\/a>\n\t\t\t\t\t\t\t\t<\/div>\n\t\t\t\t<\/div>\n\t\t\t\t\t<\/div>\n\t\t\t\t<\/div>\n\t\t<div class=\"elementor-element elementor-element-7a345b2f e-flex e-con-boxed e-con e-parent\" data-id=\"7a345b2f\" data-element_type=\"container\">\n\t\t\t\t\t<div class=\"e-con-inner\">\n\t\t\t\t<div class=\"elementor-element elementor-element-6189969b elementor-widget__width-initial elementor-widget elementor-widget-Section Title\" data-id=\"6189969b\" data-element_type=\"widget\" data-widget_type=\"Section Title.default\">\n\t\t\t\t<div class=\"elementor-widget-container\">\n\t\t\t\t\t\t\t<div class=\"tt-section-title text-center\">\r\n\t\t    \t\t\t\t\t\t<div class=\"sub-title\"><span class=\"tt-section-sab\">\u018fn son x\u0259b\u0259rl\u0259r<\/span><\/div>\r\n\t\t\t\t\t\t\t\t\t\t\t\t\t\t\t\t<h2 class=\"section-heading\">Ba\u015fl\u0131q<\/h2>\r\n\t\t\t\t\t\t\t\t\t\t\t<\/div>  \r\n\t\t\t\t\t\t<\/div>\n\t\t\t\t<\/div>\n\t\t\t\t<div class=\"elementor-element elementor-element-5ffa832b elementor-widget elementor-widget-Blog\" data-id=\"5ffa832b\" data-element_type=\"widget\" data-widget_type=\"Blog.default\">\n\t\t\t\t<div class=\"elementor-widget-container\">\n\t\t\t\t\t<div class=\"blog-swiper-wrap\"><div class=\"swiper swiper-slider blog-carousel blog-style blog-style-2 swiper-bul\" data-id=\"blog-carousel\"><div class=\"swiper-wrapper\" data-desk=\"3\" data-laptop=\"3\" data-tablet=\"2\" data-mobile=\"1\" data-autoplay=\"false\" data-loop=\"false\" data-margin=\"30\" data-speed=\"1500\"><div class=\"tt-post-wrapper swiper-slide\"><div class=\"tt-post-thumbnail position-relative\"><a href=\"https:\/\/nursupply.com\/?p=141\"><img decoding=\"async\" alt=\"blog\" class=\"img-fluid\" src=\"https:\/\/nursupply.com\/wp-content\/uploads\/2023\/09\/03-copy-0.jpg\"><\/a><a href=\"https:\/\/nursupply.com\/?cat=4\" class=\"category\">Deep Cleaning Guides<\/span><\/div><div class=\"tt-post-details\"><span class=\"date\">January 5, 2024<\/span><span class=\"comments\">2 comments<\/span><div class=\"tt-post-title\"><h6><a class=\"testtest\" href=\"https:\/\/nursupply.com\/?p=141\" rel=\"bookmark\">Baking soda: A versatile, natural abrasive and deodorizer.<\/a><\/h6><\/div><div class=\"tt-post-more float-start\"><a href=\"https:\/\/nursupply.com\/?p=141\" class=\"position-relative btn btn-primary\">Read More<svg xmlns=\"http:\/\/www.w3.org\/2000\/svg\" width=\"26\" height=\"20\" viewBox=\"0 3 22 22\" fill=\"none\" stroke=\"currentColor\" stroke-width=\"2\" stroke-linecap=\"round\" stroke-linejoin=\"round\" class=\"feather feather-arrow-up-right\"><line x1=\"7\" y1=\"17\" x2=\"17\" y2=\"7\"><\/line><polyline points=\"7 7 17 7 17 17\"><\/polyline>\n\t\t\t\t\t\t\t\t\t\t\t\t\t\t<\/svg><\/a><\/div><\/div><\/div><div class=\"tt-post-wrapper swiper-slide\"><div class=\"tt-post-thumbnail position-relative\"><a href=\"https:\/\/nursupply.com\/?p=134\"><img decoding=\"async\" alt=\"blog\" class=\"img-fluid\" src=\"https:\/\/nursupply.com\/wp-content\/uploads\/2023\/09\/01-copy-0.jpg\"><\/a><a href=\"https:\/\/nursupply.com\/?cat=3\" class=\"category\">Cleaning Tips &amp; Tricks<\/span><\/div><div class=\"tt-post-details\"><span class=\"date\">February 10, 2024<\/span><span class=\"comments\">1 comments<\/span><div class=\"tt-post-title\"><h6><a class=\"testtest\" href=\"https:\/\/nursupply.com\/?p=134\" rel=\"bookmark\">Castile soap: A plant-based, multi-purpose leaner.<\/a><\/h6><\/div><div class=\"tt-post-more float-start\"><a href=\"https:\/\/nursupply.com\/?p=134\" class=\"position-relative btn btn-primary\">Read More<svg xmlns=\"http:\/\/www.w3.org\/2000\/svg\" width=\"26\" height=\"20\" viewBox=\"0 3 22 22\" fill=\"none\" stroke=\"currentColor\" stroke-width=\"2\" stroke-linecap=\"round\" stroke-linejoin=\"round\" class=\"feather feather-arrow-up-right\"><line x1=\"7\" y1=\"17\" x2=\"17\" y2=\"7\"><\/line><polyline points=\"7 7 17 7 17 17\"><\/polyline>\n\t\t\t\t\t\t\t\t\t\t\t\t\t\t<\/svg><\/a><\/div><\/div><\/div><div class=\"tt-post-wrapper swiper-slide\"><div class=\"tt-post-thumbnail position-relative\"><a href=\"https:\/\/nursupply.com\/?p=140\"><img decoding=\"async\" alt=\"blog\" class=\"img-fluid\" src=\"https:\/\/nursupply.com\/wp-content\/uploads\/2023\/09\/02-copy-0.jpg\"><\/a><a href=\"https:\/\/nursupply.com\/?cat=2\" class=\"category\">Cleaning Product Reviews<\/span><\/div><div class=\"tt-post-details\"><span class=\"date\">March 15, 2024<\/span><span class=\"comments\">2 comments<\/span><div class=\"tt-post-title\"><h6><a class=\"testtest\" href=\"https:\/\/nursupply.com\/?p=140\" rel=\"bookmark\">Essential oils: Add fragrance and boost cleaning power.<\/a><\/h6><\/div><div class=\"tt-post-more float-start\"><a href=\"https:\/\/nursupply.com\/?p=140\" class=\"position-relative btn btn-primary\">Read More<svg xmlns=\"http:\/\/www.w3.org\/2000\/svg\" width=\"26\" height=\"20\" viewBox=\"0 3 22 22\" fill=\"none\" stroke=\"currentColor\" stroke-width=\"2\" stroke-linecap=\"round\" stroke-linejoin=\"round\" class=\"feather feather-arrow-up-right\"><line x1=\"7\" y1=\"17\" x2=\"17\" y2=\"7\"><\/line><polyline points=\"7 7 17 7 17 17\"><\/polyline>\n\t\t\t\t\t\t\t\t\t\t\t\t\t\t<\/svg><\/a><\/div><\/div><\/div><div class=\"tt-post-wrapper swiper-slide\"><div class=\"tt-post-thumbnail position-relative\"><a href=\"https:\/\/nursupply.com\/?p=142\"><img decoding=\"async\" alt=\"blog\" class=\"img-fluid\" src=\"https:\/\/nursupply.com\/wp-content\/uploads\/2023\/09\/04-copy-0.jpg\"><\/a><a href=\"https:\/\/nursupply.com\/?cat=5\" class=\"category\">Green Cleaning<\/span><\/div><div class=\"tt-post-details\"><span class=\"date\">April 25, 2024<\/span><span class=\"comments\">1 comments<\/span><div class=\"tt-post-title\"><h6><a class=\"testtest\" href=\"https:\/\/nursupply.com\/?p=142\" rel=\"bookmark\">White vinegar: A powerful, non-toxic cleaner and natural disinfectant.<\/a><\/h6><\/div><div class=\"tt-post-more float-start\"><a href=\"https:\/\/nursupply.com\/?p=142\" class=\"position-relative btn btn-primary\">Read More<svg xmlns=\"http:\/\/www.w3.org\/2000\/svg\" width=\"26\" height=\"20\" viewBox=\"0 3 22 22\" fill=\"none\" stroke=\"currentColor\" stroke-width=\"2\" stroke-linecap=\"round\" stroke-linejoin=\"round\" class=\"feather feather-arrow-up-right\"><line x1=\"7\" y1=\"17\" x2=\"17\" y2=\"7\"><\/line><polyline points=\"7 7 17 7 17 17\"><\/polyline>\n\t\t\t\t\t\t\t\t\t\t\t\t\t\t<\/svg><\/a><\/div><\/div><\/div><\/div><div class=\"swiper-pagination\"><\/div><\/div><\/div>\t\t\t\t<\/div>\n\t\t\t\t<\/div>\n\t\t\t\t\t<\/div>\n\t\t\t\t<\/div>\n\t\t<div class=\"elementor-element elementor-element-47d9383 e-flex e-con-boxed e-con e-parent\" data-id=\"47d9383\" data-element_type=\"container\">\n\t\t\t\t\t<div class=\"e-con-inner\">\n\t\t\t\t<div class=\"elementor-element elementor-element-733d6d4 elementor-widget elementor-widget-Portfolio\" data-id=\"733d6d4\" data-element_type=\"widget\" data-widget_type=\"Portfolio.default\">\n\t\t\t\t<div class=\"elementor-widget-container\">\n\t\t\t\t\t<div class=\"portfolio-grid Portfolio-style-2 masonry-yes\"><div class=\"row grid\"><\/div><\/div>\t\t\t\t<\/div>\n\t\t\t\t<\/div>\n\t\t\t\t\t<\/div>\n\t\t\t\t<\/div>\n\t\t<div class=\"elementor-element elementor-element-1b2a99c e-flex e-con-boxed e-con e-parent\" data-id=\"1b2a99c\" data-element_type=\"container\">\n\t\t\t\t\t<div class=\"e-con-inner\">\n\t\t\t\t<div class=\"elementor-element elementor-element-49bf162 elementor-widget elementor-widget-Client\" data-id=\"49bf162\" data-element_type=\"widget\" data-widget_type=\"Client.default\">\n\t\t\t\t<div class=\"elementor-widget-container\">\n\t\t\t\t\t<div class=\"col-lg-12 col-md-12 brand-logo\"><div class=\"swiper swiper-slider client-logo swiper-bul\" data-id=\"client-logo\"><div class=\"swiper-wrapper\" data-desk=\"5\" data-laptop=\"4\" data-tablet=\"4\" data-mobile=\"3\" data-autoplay=\"false\" data-loop=\"false\" data-margin=\"30\" data-speed=\"1500\"><div class=\"item swiper-slide\"><a href=\"#\"><img decoding=\"async\" src=\" https:\/\/wordpress.templatetrip.com\/WPTM01\/WPTM002_clifton\/wp-content\/uploads\/2024\/09\/01-1.png\" alt=\"client\" \/><\/a><\/div><div class=\"item swiper-slide\"><a href=\"#\"><img decoding=\"async\" src=\" https:\/\/wordpress.templatetrip.com\/WPTM01\/WPTM002_clifton\/wp-content\/uploads\/2024\/09\/02-1.png\" alt=\"client\" \/><\/a><\/div><div class=\"item swiper-slide\"><a href=\"#\"><img decoding=\"async\" src=\" https:\/\/wordpress.templatetrip.com\/WPTM01\/WPTM002_clifton\/wp-content\/uploads\/2024\/09\/03-1.png\" alt=\"client\" \/><\/a><\/div><div class=\"item swiper-slide\"><a href=\"#\"><img decoding=\"async\" src=\" https:\/\/wordpress.templatetrip.com\/WPTM01\/WPTM002_clifton\/wp-content\/uploads\/2024\/09\/04-1.png\" alt=\"client\" \/><\/a><\/div><div class=\"item swiper-slide\"><a href=\"#\"><img decoding=\"async\" src=\" https:\/\/wordpress.templatetrip.com\/WPTM01\/WPTM002_clifton\/wp-content\/uploads\/2024\/09\/05-1.png\" alt=\"client\" \/><\/a><\/div><div class=\"item swiper-slide\"><a href=\"#\"><img decoding=\"async\" src=\" https:\/\/wordpress.templatetrip.com\/WPTM01\/WPTM002_clifton\/wp-content\/uploads\/2024\/09\/03-1.png\" alt=\"client\" \/><\/a><\/div><\/div><div class=\"swiper-pagination\"><\/div><\/div><\/div>\t\t\t\t<\/div>\n\t\t\t\t<\/div>\n\t\t\t\t\t<\/div>\n\t\t\t\t<\/div>\n\t\t\t\t<\/div>\n\t\t","protected":false},"excerpt":{"rendered":"<p>15 \u0130llik T\u0259cr\u00fcb\u0259 (+994)51 563 1832 T\u0259mizlik \u015firk\u0259ti haqq\u0131nda Biz \u0259n yax\u015f\u0131 keyfiyy\u0259td\u0259 t\u0259mizlik m\u0259hsullar\u0131 istehsal ed\u0259n \u015firk\u0259tik. Biz Az\u0259rbaycan [&hellip;]<\/p>\n","protected":false},"author":1,"featured_media":0,"parent":0,"menu_order":0,"comment_status":"closed","ping_status":"closed","template":"elementor_header_footer","meta":{"footnotes":""},"class_list":["post-107","page","type-page","status-publish","hentry"],"_links":{"self":[{"href":"https:\/\/nursupply.com\/index.php?rest_route=\/wp\/v2\/pages\/107","targetHints":{"allow":["GET"]}}],"collection":[{"href":"https:\/\/nursupply.com\/index.php?rest_route=\/wp\/v2\/pages"}],"about":[{"href":"https:\/\/nursupply.com\/index.php?rest_route=\/wp\/v2\/types\/page"}],"author":[{"embeddable":true,"href":"https:\/\/nursupply.com\/index.php?rest_route=\/wp\/v2\/users\/1"}],"replies":[{"embeddable":true,"href":"https:\/\/nursupply.com\/index.php?rest_route=%2Fwp%2Fv2%2Fcomments&post=107"}],"version-history":[{"count":62,"href":"https:\/\/nursupply.com\/index.php?rest_route=\/wp\/v2\/pages\/107\/revisions"}],"predecessor-version":[{"id":2702,"href":"https:\/\/nursupply.com\/index.php?rest_route=\/wp\/v2\/pages\/107\/revisions\/2702"}],"wp:attachment":[{"href":"https:\/\/nursupply.com\/index.php?rest_route=%2Fwp%2Fv2%2Fmedia&parent=107"}],"curies":[{"name":"wp","href":"https:\/\/api.w.org\/{rel}","templated":true}]}}